{"id":11,"date":"2013-10-16T16:23:57","date_gmt":"2013-10-16T14:23:57","guid":{"rendered":"http:\/\/www.terra-e.it\/concorso\/?page_id=11"},"modified":"2013-11-11T01:01:37","modified_gmt":"2013-11-11T00:01:37","slug":"regolamento","status":"publish","type":"page","link":"https:\/\/www.terra-e.it\/concorso\/regolamento\/","title":{"rendered":"Regolamento"},"content":{"rendered":"<p><img loading=\"lazy\" decoding=\"async\" class=\"alignnone size-full wp-image-118\" alt=\"paesaggio-secondo-me-come\" src=\"http:\/\/www.terra-e.it\/concorso\/wp-content\/uploads\/2013\/10\/paesaggio-secondo-me-come.png\" width=\"760\" height=\"151\" srcset=\"https:\/\/www.terra-e.it\/concorso\/wp-content\/uploads\/2013\/10\/paesaggio-secondo-me-come.png 760w, https:\/\/www.terra-e.it\/concorso\/wp-content\/uploads\/2013\/10\/paesaggio-secondo-me-come-200x39.png 200w\" sizes=\"auto, (max-width: 760px) 100vw, 760px\" \/><\/p>\n<h2>Introduzione<\/h2>\n<p>In occasione della <strong>Settimana UNESCO per lo sviluppo sostenibile<\/strong> dal titolo \u201c<strong><a href=\"http:\/\/www.unescodess.it\/comunicati\/2013\/i-paesaggi-della-bellezza-dalla-valorizzazione-alla-creativita\" target=\"_blank\">I paesaggi della bellezza: dalla valorizzazione alla creativit\u00e0<\/a><\/strong>\u201d (18 al 24 novembre 2013) <strong><a href=\"http:\/\/terra-e.it\/\" target=\"_blank\">Terra\u00e8<\/a><\/strong> organizza un concorso fotografico relativo ai paesaggi personali.<\/p>\n<h2>Art.1 \u2013 Tema del concorso<\/h2>\n<p>Il titolo del concorso fotografico on-line prima edizione \u00e8: IL PAESAGGIO SECONDO ME.<\/p>\n<p>Ogni partecipante \u00e8 invitato a presentare fotografie di produzione propria che raccontino il suo paesaggio personale.<\/p>\n<p>Il soggetto pu\u00f2 essere significativo per la sua qualit\u00e0 estetica o deturpazione, per il suo utilizzo, per la sua rarit\u00e0 o semplicemente per il rapporto affettivo con esso.<\/p>\n<p>Le fotografie devono rappresentare il territorio della <strong>Provincia di Pordenone<\/strong>.<\/p>\n<h2>Art. 2 \u2013 Partecipanti<\/h2>\n<p>La partecipazione \u00e8 gratuita ed aperta a tutti.<\/p>\n<h2>Art. 3 \u2013 Modalit\u00e0 di partecipazione<\/h2>\n<p>Ogni partecipante potr\u00e0 inviare al <strong>massimo 5 immagini<\/strong>. Sono ammesse soltanto foto di cui i partecipanti sono gli autori.<\/p>\n<h2>Art. 4 \u2013 Modalit\u00e0 di trasmissione della documentazione<\/h2>\n<p>Le modalit\u00e0 di trasmissione delle immagine sono le seguenti: via e-mail scrivendo all\u2019indirizzo<\/p>\n<h3><a href=\"mailto:concorso@terra-e.it\">concorso@terra-e.it<\/a><\/h3>\n<p>specificando:<\/p>\n<ul>\n<li>nome e cognome;<\/li>\n<li>titolo dello scatto;<\/li>\n<li>data dello scatto;<\/li>\n<li>testo (facoltativo) di accompagnamento di ogni foto (l\u2019organizzazione non garantisce la pubblicazione integrale del testo);<\/li>\n<\/ul>\n<p>Le immagini dovranno avere una dimensione massima di 5 MB (avendo cura di <strong>conservare gli originali<\/strong> in alta risoluzione, da inviare in caso di vincita).<br \/>\nNon verranno accettate fotografie con logo, firma, watermark e segni riconoscibili di qualsiasi genere. Non sono ammessi fotomontaggi, doppie esposizioni, solarizzazioni, filtri digitali o ritocchi digitali, salvo lievi correzioni di colore, contrasto o esposizione.<\/p>\n<h2>Art. 5 \u2013 Condizioni relative alle immagini, utilizzo e diritto di propriet\u00e0 intellettuali<\/h2>\n<p>Ogni partecipante \u00e8 responsabile delle fotografie presentate e di ci\u00f2 che rappresentano, garantisce di essere autore delle immagini inviate, di aver rispettato la normativa sulla privacy e garantisce che le immagini non ledono diritti di terzi.<\/p>\n<p>I partecipanti al concorso rimangono titolari del diritto d\u2019autore e di utilizzazione economica sulle fotografie inviate.<\/p>\n<p>I partecipanti al concorso autorizzano l\u2019associazione Terra\u00e8 ad utilizzare e a riprodurre con qualsiasi mezzo o in qualsiasi modalit\u00e0 il materiale inviato nei limiti di iniziative non a scopo di lucro legate all\u2019attivit\u00e0 dell\u2019associazione stessa.<\/p>\n<h2>Art. 6 \u2013 Votazioni<\/h2>\n<p>I votanti devono collegarsi al sito internet di Terra\u00e8 (www.terra-e.it) e seguire le istruzioni di voto.<\/p>\n<h2>Art. 7 &#8211; Tempi<\/h2>\n<p>I partecipanti al concorso potranno inviare le loro fotografie <strong>dall&#8217;1 al 21 novembre 2013<\/strong>.<\/p>\n<p>I votanti potranno esprimere le proprie preferenze dal <strong>14 al 21 novembre 2013<\/strong>.<\/p>\n<h2>Art. 8 \u2013 Premiazioni<\/h2>\n<p>Il 24\/11\/2013, nell\u2019ambito della giornata conclusiva della SETTIMANA DELL\u2019UNESCO, chi avr\u00e0 raccolto pi\u00f9 voti, sar\u00e0 proclamato il vincitore del concorso.<\/p>\n<p>La sua fotografia sar\u00e0 utilizzata come copertina del calendario 2014 di Terra\u00e8, assieme ad una selezione delle migliori foto inviate.<\/p>\n<p>Al termine della premiazione sar\u00e0 organizzata una breve gita alla scoperta dei pi\u00f9 interessanti paesaggi personali inviati che si trovino nelle vicinanze del luogo della premiazione.<\/p>\n<h2>Art. 9 &#8211; Informativa D.Lgs 196\/2003 sul trattamento dei dati personali.<\/h2>\n<p>Si informa che in conformit\u00e0 a quanto deliberato dall\u2019art. 10 della legge 675\/96, \u201cTutela delle persone e di altri soggetti rispetto al trattamento dei dati personali\u201d e successiva modifica con D.Lgs. 30 giugno 2003 n.196, i dati personali forniti dai concorrenti con l&#8217;invio delle email di partecipazione, raccolti e trattati con strumenti informatici, saranno utilizzati per individuare i vincitori e per identificare gli autori delle fotografie nelle varie occasioni in cui queste saranno esposte o pubblicate e per le comunicazioni relative al concorso stesso. Il concorrente ha il diritto di accedere ai dati che lo riguardano e di esercitare i diritti di integrazione, rettifica, cancellazione ecc. garantiti dall\u2019art. 13 della sopra citata legge, al titolare del trattamento.<\/p>\n<p>Il conferimento dei dati ed il consenso al relativo trattamento sono condizioni necessarie per la partecipazione al concorso.<\/p>\n<p><img loading=\"lazy\" decoding=\"async\" class=\"size-full wp-image-12 alignnone\" style=\"border: 1px solid gray;\" alt=\"UNESCO - Paesaggi della bellezza\" src=\"http:\/\/www.terra-e.it\/concorso\/wp-content\/uploads\/2013\/10\/unesco_paesaggi_della_bellezza.jpg\" width=\"320\" height=\"453\" srcset=\"https:\/\/www.terra-e.it\/concorso\/wp-content\/uploads\/2013\/10\/unesco_paesaggi_della_bellezza.jpg 320w, https:\/\/www.terra-e.it\/concorso\/wp-content\/uploads\/2013\/10\/unesco_paesaggi_della_bellezza-141x200.jpg 141w\" sizes=\"auto, (max-width: 320px) 100vw, 320px\" \/><\/p>\n","protected":false},"excerpt":{"rendered":"<p>Introduzione In occasione della Settimana UNESCO per lo sviluppo sostenibile dal titolo \u201cI paesaggi della bellezza: dalla valorizzazione alla creativit\u00e0\u201d (18 al 24 novembre 2013) Terra\u00e8 organizza un concorso fotografico relativo ai paesaggi personali. Art.1 \u2013 Tema del concorso Il titolo del concorso fotografico on-line prima edizione \u00e8: IL PAESAGGIO &#8230;<\/p>\n","protected":false},"author":4,"featured_media":0,"parent":0,"menu_order":0,"comment_status":"open","ping_status":"open","template":"","meta":{"footnotes":""},"class_list":["post-11","page","type-page","status-publish","hentry","column","twocol"],"_links":{"self":[{"href":"https:\/\/www.terra-e.it\/concorso\/wp-json\/wp\/v2\/pages\/11","targetHints":{"allow":["GET"]}}],"collection":[{"href":"https:\/\/www.terra-e.it\/concorso\/wp-json\/wp\/v2\/pages"}],"about":[{"href":"https:\/\/www.terra-e.it\/concorso\/wp-json\/wp\/v2\/types\/page"}],"author":[{"embeddable":true,"href":"https:\/\/www.terra-e.it\/concorso\/wp-json\/wp\/v2\/users\/4"}],"replies":[{"embeddable":true,"href":"https:\/\/www.terra-e.it\/concorso\/wp-json\/wp\/v2\/comments?post=11"}],"version-history":[{"count":17,"href":"https:\/\/www.terra-e.it\/concorso\/wp-json\/wp\/v2\/pages\/11\/revisions"}],"predecessor-version":[{"id":126,"href":"https:\/\/www.terra-e.it\/concorso\/wp-json\/wp\/v2\/pages\/11\/revisions\/126"}],"wp:attachment":[{"href":"https:\/\/www.terra-e.it\/concorso\/wp-json\/wp\/v2\/media?parent=11"}],"curies":[{"name":"wp","href":"https:\/\/api.w.org\/{rel}","templated":true}]}}