{"id":217,"date":"2013-11-14T10:20:55","date_gmt":"2013-11-14T09:20:55","guid":{"rendered":"http:\/\/www.terra-e.it\/concorso\/?page_id=217"},"modified":"2013-11-14T15:45:05","modified_gmt":"2013-11-14T14:45:05","slug":"come-votare","status":"publish","type":"page","link":"https:\/\/www.terra-e.it\/concorso\/come-votare\/","title":{"rendered":"Come votare"},"content":{"rendered":"<p>Per esprimere il proprio voto basta cliccare sul cuore rosso <img loading=\"lazy\" decoding=\"async\" alt=\"Cuore\" src=\"http:\/\/www.terra-e.it\/concorso\/wp-content\/themes\/pinboard\/images\/likeit-icon.png\" width=\"15\" height=\"13\" \/> che si trova sotto ogni fotografia.<\/p>\n<p>La votazione \u00e8 aperta a tutti <strong>dal 14 al 21 novembre 2013<\/strong>.<\/p>\n<p>\u00c8 possibile votare pi\u00f9 di una foto, ma non pi\u00f9 volte la stessa foto.<\/p>\n<p>Le foto sono visualizzate in ordine casuale nella <a href=\"http:\/\/www.terra-e.it\/concorso\/\">home page del sito<\/a>.<\/p>\n<p>Grazie per la partecipazione e in bocca al lupo! \ud83d\ude42<\/p>\n","protected":false},"excerpt":{"rendered":"<p>Per esprimere il proprio voto basta cliccare sul cuore rosso che si trova sotto ogni fotografia. La votazione \u00e8 aperta a tutti dal 14 al 21 novembre 2013. \u00c8 possibile votare pi\u00f9 di una foto, ma non pi\u00f9 volte la stessa foto. Le foto sono visualizzate in ordine casuale nella &#8230;<\/p>\n","protected":false},"author":4,"featured_media":0,"parent":0,"menu_order":0,"comment_status":"open","ping_status":"open","template":"","meta":{"footnotes":""},"class_list":["post-217","page","type-page","status-publish","hentry","column","twocol"],"_links":{"self":[{"href":"https:\/\/www.terra-e.it\/concorso\/wp-json\/wp\/v2\/pages\/217","targetHints":{"allow":["GET"]}}],"collection":[{"href":"https:\/\/www.terra-e.it\/concorso\/wp-json\/wp\/v2\/pages"}],"about":[{"href":"https:\/\/www.terra-e.it\/concorso\/wp-json\/wp\/v2\/types\/page"}],"author":[{"embeddable":true,"href":"https:\/\/www.terra-e.it\/concorso\/wp-json\/wp\/v2\/users\/4"}],"replies":[{"embeddable":true,"href":"https:\/\/www.terra-e.it\/concorso\/wp-json\/wp\/v2\/comments?post=217"}],"version-history":[{"count":5,"href":"https:\/\/www.terra-e.it\/concorso\/wp-json\/wp\/v2\/pages\/217\/revisions"}],"predecessor-version":[{"id":262,"href":"https:\/\/www.terra-e.it\/concorso\/wp-json\/wp\/v2\/pages\/217\/revisions\/262"}],"wp:attachment":[{"href":"https:\/\/www.terra-e.it\/concorso\/wp-json\/wp\/v2\/media?parent=217"}],"curies":[{"name":"wp","href":"https:\/\/api.w.org\/{rel}","templated":true}]}}