{"id":638,"date":"2013-11-22T18:18:21","date_gmt":"2013-11-22T17:18:21","guid":{"rendered":"http:\/\/www.terra-e.it\/concorso\/?page_id=638"},"modified":"2013-11-28T10:39:07","modified_gmt":"2013-11-28T09:39:07","slug":"premiazione-e-passeggiata-nel-centro-di-pordenone","status":"publish","type":"page","link":"https:\/\/www.terra-e.it\/concorso\/premiazione-e-passeggiata-nel-centro-di-pordenone\/","title":{"rendered":"Premiazione e passeggiata nel centro di Pordenone"},"content":{"rendered":"<p>Domenica <strong>24 Novembre 2013<\/strong>, alle ore 10, presso la sala del <strong>Parco Galvani <\/strong>a Pordenone si \u00e8 svolta la <strong>premiazione<\/strong> del vincitore del concorso fotografico on line di Terra\u00e8 &#8211; officina della sostenibilit\u00e0 &#8220;Il Paesaggio secondo me&#8221;.<\/p>\n<p>Con 396 preferenze ha vinto &#8220;<a href=\"http:\/\/www.terra-e.it\/concorso\/armonie-dautunno\/\">Armonie d&#8217;autunno<\/a>&#8221; di Denis Bernardon.<\/p>\n<p>\u00c8 seguita una <strong>passeggiata<\/strong>  nel centro di Pordenone per visitare i paesaggi urbani fotografati nell&#8217;ambito del concorso.<\/p>\n<p><img loading=\"lazy\" decoding=\"async\" class=\"aligncenter size-medium wp-image-651\" alt=\"premiazione-concorso-paesaggio\" src=\"http:\/\/www.terra-e.it\/concorso\/wp-content\/uploads\/2013\/11\/premiazione-concorso-paesaggio-765x383.jpg\" width=\"765\" height=\"383\" srcset=\"https:\/\/www.terra-e.it\/concorso\/wp-content\/uploads\/2013\/11\/premiazione-concorso-paesaggio-765x383.jpg 765w, https:\/\/www.terra-e.it\/concorso\/wp-content\/uploads\/2013\/11\/premiazione-concorso-paesaggio-200x100.jpg 200w, https:\/\/www.terra-e.it\/concorso\/wp-content\/uploads\/2013\/11\/premiazione-concorso-paesaggio.jpg 768w\" sizes=\"auto, (max-width: 765px) 100vw, 765px\" \/><\/p>\n<p>Lo staff di Terra\u00e8 ringrazia calorosamente tutti i 40 fotografi che hanno partecipato.<\/p>\n<p>Vi ricordiamo che <a title=\"Armonie d\u2019autunno\" href=\"http:\/\/www.terra-e.it\/concorso\/armonie-dautunno\/\">la foto vincitrice<\/a> e le <a href=\"http:\/\/www.terra-e.it\/concorso\/category\/calendario-2014\/\">sei selezionate dallo staff<\/a> saranno utilizzate per il calendario 2014 di Terra\u00e8, in vendita per chiunque ne facesse richiesta e gratuito per i soci 2014.<\/p>\n<p>Vedi l&#8217;articolo: <strong><a title=\"Permalink to \u201cArmonie d\u2019autunno\u201d vince il concorso fotografico online di Terra\u00e8\" href=\"http:\/\/terra-e.it\/armonie-dautunno-vince-il-concorso-fotografico-online-di-terrae\/\" rel=\"bookmark\">\u201cArmonie d\u2019autunno\u201d vince il concorso fotografico online di Terra\u00e8<\/a><\/strong><\/p>\n","protected":false},"excerpt":{"rendered":"<p>Domenica 24 Novembre 2013, alle ore 10, presso la sala del Parco Galvani a Pordenone si \u00e8 svolta la premiazione del vincitore del concorso fotografico on line di Terra\u00e8 &#8211; officina della sostenibilit\u00e0 &#8220;Il Paesaggio secondo me&#8221;. Con 396 preferenze ha vinto &#8220;Armonie d&#8217;autunno&#8221; di Denis Bernardon. \u00c8 seguita una &#8230;<\/p>\n","protected":false},"author":4,"featured_media":0,"parent":0,"menu_order":0,"comment_status":"open","ping_status":"open","template":"","meta":{"footnotes":""},"class_list":["post-638","page","type-page","status-publish","hentry","column","twocol"],"_links":{"self":[{"href":"https:\/\/www.terra-e.it\/concorso\/wp-json\/wp\/v2\/pages\/638","targetHints":{"allow":["GET"]}}],"collection":[{"href":"https:\/\/www.terra-e.it\/concorso\/wp-json\/wp\/v2\/pages"}],"about":[{"href":"https:\/\/www.terra-e.it\/concorso\/wp-json\/wp\/v2\/types\/page"}],"author":[{"embeddable":true,"href":"https:\/\/www.terra-e.it\/concorso\/wp-json\/wp\/v2\/users\/4"}],"replies":[{"embeddable":true,"href":"https:\/\/www.terra-e.it\/concorso\/wp-json\/wp\/v2\/comments?post=638"}],"version-history":[{"count":9,"href":"https:\/\/www.terra-e.it\/concorso\/wp-json\/wp\/v2\/pages\/638\/revisions"}],"predecessor-version":[{"id":694,"href":"https:\/\/www.terra-e.it\/concorso\/wp-json\/wp\/v2\/pages\/638\/revisions\/694"}],"wp:attachment":[{"href":"https:\/\/www.terra-e.it\/concorso\/wp-json\/wp\/v2\/media?parent=638"}],"curies":[{"name":"wp","href":"https:\/\/api.w.org\/{rel}","templated":true}]}}